{"id":2,"date":"2016-07-20T11:54:51","date_gmt":"2016-07-20T09:54:51","guid":{"rendered":"http:\/\/timos-blog.de\/?page_id=2"},"modified":"2021-04-13T15:20:58","modified_gmt":"2021-04-13T13:20:58","slug":"impressum","status":"publish","type":"page","link":"http:\/\/www.timos-blog.de\/index.php\/impressum\/","title":{"rendered":"Impressum"},"content":{"rendered":"<p>Hiermit widerspreche ich der Nutzung meiner im Impressum genannten pers\u00f6nlichen Daten, diese f\u00fcr Werbe- und Marketingzwecke aller Art zu verwenden, zu verkaufen bzw. zu missbrauchen.<\/p>\n<p><strong>Administrativer Ansprechpartner<\/strong><br \/>\nTimo Gerbeth<br \/>\nMoosstrasse 9<br \/>\n84032 Altdorf<br \/>\nBayern\/Deutschland<\/p>\n<p>Telefon: +49 (0) 151 \/ 10207344<br \/>\nInternet: http:\/\/www.timos-blog.de<br \/>\nEmail: gerbeth.timo@web.de<\/p>\n<p><strong>Inhaltlich verantwortlicher im Sinne der EU-DSGVO<\/strong><br \/>\nTimo Gerbeth<br \/>\nMoosstrasse 9<br \/>\n84032 Altdorf<br \/>\nBayern\/Deutschland<\/p>\n<p>Telefon: +49 (0) 151 \/ 10207344<br \/>\nInternet: http:\/\/www.timos-blog.de<br \/>\nEmail: gerbeth.timo@web.de<\/p>\n<p><strong>Verantwortungsbereich<\/strong><br \/>\nDieses Impressum gilt nur f\u00fcr: http:\/\/www.timos-blog.de<\/p>\n<p><strong>Links<\/strong><br \/>\nDiese Internetpr\u00e4senz enth\u00e4lt Links zu externen Webseiten Dritter, auf deren Inhalte der Anbieter keinen Einfluss hat. Deshalb kann f\u00fcr diese fremden Inhalte auch keine Gew\u00e4hr \u00fcbernommen werden. F\u00fcr die Inhalte der verlinkten Seiten ist stets der jeweilige Anbieter oder Betreiber der Seiten verantwortlich. Die verlinkten Seiten wurden zum Zeitpunkt der Verlinkung auf m\u00f6gliche Rechtsverst\u00f6\u00dfe \u00fcberpr\u00fcft. Rechtswidrige Inhalte waren zum Zeitpunkt der Verlinkung nicht erkennbar. Eine permanente inhaltliche Kontrolle der verlinkten Seiten ist jedoch ohne konkrete Anhaltspunkte einer Rechtsverletzung nicht zumutbar. Bei Bekanntwerden von Rechtsverletzungen werden derartige Links umgehend entfernt.<\/p>\n<p><strong>Haftungshinweise<\/strong><br \/>\nDiese Internetpr\u00e4senz wurde mit gr\u00f6\u00dfter Sorgfalt erstellt. F\u00fcr die Richtigkeit, Vollst\u00e4ndigkeit und Aktualit\u00e4t der Inhalte kann jedoch keine Gew\u00e4hr \u00fcbernommen werden. Der Anbieter ist f\u00fcr die Erstellung eigener Inhalte nach den allgemeinen Gesetzen verantwortlich. Der Anbieter ist jedoch nicht verpflichtet, die von ihnen \u00fcbermittelten oder gespeicherten fremden Informationen zu \u00fcberwachen oder nach Umst\u00e4nden zu forschen, die auf eine rechtswidrige T\u00e4tigkeit hinweisen. Verpflichtungen zur Entfernung oder Sperrung der Nutzung von Informationen nach den allgemeinen Gesetzen bleiben hiervon unber\u00fchrt. Eine diesbez\u00fcgliche Haftung ist jedoch erst ab dem Zeitpunkt der Kenntnis einer konkreten Rechtsverletzung m\u00f6glich. Bei Bekanntwerden von entsprechenden Rechtsverletzungen werden diese Inhalte umgehend entfernt.<\/p>\n<p><strong>Urheberrecht<\/strong><br \/>\nDie durch die Seitenbetreiber erstellten Inhalte und Werke auf diesen Seiten unterliegen dem deutschen Urheberrecht. Die Vervielf\u00e4ltigung, Bearbeitung, Verbreitung und jede Art der Verwertung au\u00dferhalb der Grenzen des Urheberrechtes bed\u00fcrfen der schriftlichen Zustimmung des jeweiligen Autors bzw. Erstellers. Soweit die Inhalte auf dieser Seite nicht vom Betreiber erstellt wurden, werden die Urheberrechte Dritter beachtet. Insbesondere werden Inhalte Dritter als solche gekennzeichnet.<\/p>\n","protected":false},"excerpt":{"rendered":"<p>Hiermit widerspreche ich der Nutzung meiner im Impressum genannten pers\u00f6nlichen Daten, diese f\u00fcr Werbe- und Marketingzwecke aller Art zu verwenden, zu verkaufen bzw. zu missbrauchen. Administrativer Ansprechpartner Timo Gerbeth Moosstrasse 9 84032 Altdorf Bayern\/Deutschland Telefon: +49 (0) 151 \/ 10207344 Internet: http:\/\/www.timos-blog.de Email: gerbeth.timo@web.de Inhaltlich verantwortlicher im Sinne der EU-DSGVO Timo Gerbeth Moosstrasse 9 84032&#8230;<\/p>\n","protected":false},"author":1,"featured_media":0,"parent":0,"menu_order":1,"comment_status":"closed","ping_status":"open","template":"","meta":[],"_links":{"self":[{"href":"http:\/\/www.timos-blog.de\/index.php\/wp-json\/wp\/v2\/pages\/2"}],"collection":[{"href":"http:\/\/www.timos-blog.de\/index.php\/wp-json\/wp\/v2\/pages"}],"about":[{"href":"http:\/\/www.timos-blog.de\/index.php\/wp-json\/wp\/v2\/types\/page"}],"author":[{"embeddable":true,"href":"http:\/\/www.timos-blog.de\/index.php\/wp-json\/wp\/v2\/users\/1"}],"replies":[{"embeddable":true,"href":"http:\/\/www.timos-blog.de\/index.php\/wp-json\/wp\/v2\/comments?post=2"}],"version-history":[{"count":7,"href":"http:\/\/www.timos-blog.de\/index.php\/wp-json\/wp\/v2\/pages\/2\/revisions"}],"predecessor-version":[{"id":604,"href":"http:\/\/www.timos-blog.de\/index.php\/wp-json\/wp\/v2\/pages\/2\/revisions\/604"}],"wp:attachment":[{"href":"http:\/\/www.timos-blog.de\/index.php\/wp-json\/wp\/v2\/media?parent=2"}],"curies":[{"name":"wp","href":"https:\/\/api.w.org\/{rel}","templated":true}]}}